{"id":462,"date":"2016-01-08T11:28:46","date_gmt":"2016-01-08T11:28:46","guid":{"rendered":"http:\/\/consulting.stylemixthemes.com\/?page_id=462"},"modified":"2026-04-07T17:43:28","modified_gmt":"2026-04-07T16:43:28","slug":"team","status":"publish","type":"page","link":"https:\/\/hoeveler-legal.de\/en\/team\/","title":{"rendered":"Team"},"content":{"rendered":"<h2 style=\"font-size: 30px; text-align: left; font-weight: 600;\">DR. MELANIE H\u00d6VELER<br \/>\nRECHTSANW\u00c4LTIN | FACHANW\u00c4LTIN F\u00dcR ARBEITSRECHT<\/h2>\n<h2 style=\"font-size: 30px; text-align: left; font-weight: 600;\">PROFESSIONAL NEGOTIATOR | SCHRANNER NEGOTIATION INSTITUTE<\/h2>\n<ul>\n<li><strong>melanie.hoeveler@hoeveler-legal.de<\/strong><\/li>\n<\/ul>\n<p>20 years of experience in employment law<\/p>\n<p>Further development of legal advice while avoiding<br \/>\nlengthy court proceedings, with a focus on<br \/>\nnegotiated solutions<\/p>\n<p>Academic studies at the Universities of Dortmund, Trier and Bonn<\/p>\n<ul>\n<li>PhD in Law at the University of Bonn<\/li>\n<li>Admission as lawyer in Munich in 2003<\/li>\n<li>Admission as specialist lawyer for employment law in 2007<\/li>\n<li>Scientific work at the Max Planck Institute during<br \/>\nher legal clerkship<\/li>\n<li>Lawyer specialising in employment law since 2003\n<ul>\n<li>until 2010 in large commercial law firms<\/li>\n<li>2011 establishment of own law office<\/li>\n<\/ul>\n<\/li>\n<\/ul>\n<style>\/*! elementor - v3.21.0 - 22-05-2024 *\/<br \/>.elementor-widget-image-carousel .swiper,.elementor-widget-image-carousel .swiper-container{position:static}.elementor-widget-image-carousel .swiper-container .swiper-slide figure,.elementor-widget-image-carousel .swiper .swiper-slide figure{line-height:inherit}.elementor-widget-image-carousel .swiper-slide{text-align:center}.elementor-image-carousel-wrapper:not(.swiper-container-initialized):not(.swiper-initialized) .swiper-slide{max-width:calc(100% \/ var(--e-image-carousel-slides-to-show, 3))}<\/style>\n<figure><img decoding=\"async\" src=\"https:\/\/hoeveler-legal.de\/wp-content\/uploads\/2024\/04\/Dr.-Melanie-Hoveler-1.webp\" alt=\"Dr. Melanie H\u00f6veler\" \/><\/figure>\n<figure><img decoding=\"async\" src=\"https:\/\/hoeveler-legal.de\/wp-content\/uploads\/2024\/04\/Dr.-Melanie-Hoveler-2.webp\" alt=\"Dr. Melanie H\u00f6veler\" \/><\/figure>\n<h2 style=\"font-size: 30px; text-align: left; font-weight: 600;\">ANNEGRET M\u00dcLLER-MUNDT<br \/>\nRECHTSANW\u00c4LTIN | FACHANW\u00c4LTIN F\u00dcR ARBEITSRECHT<\/h2>\n<h2 style=\"font-size: 30px; text-align: left; font-weight: 600;\">Freie Mitarbeiterin<\/h2>\n<ul>\n<li><strong>annegret.mueller-mundt@hoeveler-legal.de<\/strong><\/li>\n<\/ul>\n<p>20 years of experience in employment law<\/p>\n<p>Focus: Individual employment law, contract drafting,<br \/>\nworks constitution law, temporary employment law<\/p>\n<p>Academic studies at the Universities of Augsburg and Passau<\/p>\n<ul>\n<li>Admission as lawyer in Munich in 2004<\/li>\n<li>Admission as specialist lawyer for employment law in 2007<\/li>\n<\/ul>\n<p>Previous activities<\/p>\n<ul>\n<li>2004 to 2014: Norton Rose Fulbright, Munich<\/li>\n<li>2007 to 2008: Mijares Angoitia, Mexico City<\/li>\n<li>Since 2015: Schwarzach Law Firm, Schwarzach<\/li>\n<\/ul>\n<figure><img decoding=\"async\" src=\"https:\/\/hoeveler-legal.de\/wp-content\/uploads\/2024\/04\/ANNEGRET-2.webp\" alt=\"ANNEGRET 2\" \/><\/figure>\n<figure><img decoding=\"async\" src=\"https:\/\/hoeveler-legal.de\/wp-content\/uploads\/2024\/05\/ANNEGRET2.webp\" alt=\"ANNEGRET2\" \/><\/figure>","protected":false},"excerpt":{"rendered":"<p>Dr. Melanie H\u00f6veler RECHTSANW\u00c4LTIN | FACHANW\u00c4LTIN F\u00dcR ARBEITSRECHT Professional Negotiatior | Schranner Negotiation Institute melanie.hoeveler@hoeveler-legal.de 20j\u00e4hrige Erfahrung im Arbeitsrecht Weiterentwicklung der anwaltlichen Beratung unter Vermeidung langwieriger Gerichtsprozesse, Schwerpunkt Verhandlungsl\u00f6sungen Studium an den Universit\u00e4ten Dortmund, Trier und Bonn Promotion an der Universit\u00e4t Bonn Rechtsanw\u00e4ltin in M\u00fcnchen seit 2003 Fachanw\u00e4ltin f\u00fcr Arbeitsrecht seit 2007 wissenschaftliche T\u00e4tigkeit am<\/p>","protected":false},"author":1,"featured_media":0,"parent":0,"menu_order":0,"comment_status":"closed","ping_status":"closed","template":"","meta":{"footnotes":""},"_links":{"self":[{"href":"https:\/\/hoeveler-legal.de\/en\/wp-json\/wp\/v2\/pages\/462"}],"collection":[{"href":"https:\/\/hoeveler-legal.de\/en\/wp-json\/wp\/v2\/pages"}],"about":[{"href":"https:\/\/hoeveler-legal.de\/en\/wp-json\/wp\/v2\/types\/page"}],"author":[{"embeddable":true,"href":"https:\/\/hoeveler-legal.de\/en\/wp-json\/wp\/v2\/users\/1"}],"replies":[{"embeddable":true,"href":"https:\/\/hoeveler-legal.de\/en\/wp-json\/wp\/v2\/comments?post=462"}],"version-history":[{"count":175,"href":"https:\/\/hoeveler-legal.de\/en\/wp-json\/wp\/v2\/pages\/462\/revisions"}],"predecessor-version":[{"id":7961,"href":"https:\/\/hoeveler-legal.de\/en\/wp-json\/wp\/v2\/pages\/462\/revisions\/7961"}],"wp:attachment":[{"href":"https:\/\/hoeveler-legal.de\/en\/wp-json\/wp\/v2\/media?parent=462"}],"curies":[{"name":"wp","href":"https:\/\/api.w.org\/{rel}","templated":true}]}}