{"id":7322,"date":"2024-02-26T12:32:58","date_gmt":"2024-02-26T12:32:58","guid":{"rendered":"https:\/\/ra-hoeveler.pfacode.co.in\/?page_id=7322"},"modified":"2024-05-25T10:46:51","modified_gmt":"2024-05-25T09:46:51","slug":"kompetenzen","status":"publish","type":"page","link":"https:\/\/hoeveler-legal.de\/en\/kompetenzen\/","title":{"rendered":"Competences"},"content":{"rendered":"<div data-elementor-type=\"wp-page\" data-elementor-id=\"7322\" class=\"elementor elementor-7322\">\n\t\t\t\t\t\t<section class=\"elementor-section elementor-top-section elementor-element elementor-element-4feee67 elementor-section-content-top elementor-reverse-tablet elementor-reverse-mobile elementor-section-boxed elementor-section-height-default elementor-section-height-default\" data-id=\"4feee67\" data-element_type=\"section\">\n\t\t\t\t\t\t<div class=\"elementor-container elementor-column-gap-default\">\n\t\t\t\t\t<div class=\"elementor-column elementor-col-100 elementor-top-column elementor-element elementor-element-06de663\" data-id=\"06de663\" data-element_type=\"column\">\n\t\t\t<div class=\"elementor-widget-wrap elementor-element-populated\">\n\t\t\t\t\t\t<div class=\"elementor-element elementor-element-f7f6da3 elementor-widget elementor-widget-image\" data-id=\"f7f6da3\" data-element_type=\"widget\" data-widget_type=\"image.default\">\n\t\t\t\t<div class=\"elementor-widget-container\">\n\t\t\t<style>\/*! elementor - v3.21.0 - 22-05-2024 *\/\n.elementor-widget-image{text-align:center}.elementor-widget-image a{display:inline-block}.elementor-widget-image a img[src$=\".svg\"]{width:48px}.elementor-widget-image img{vertical-align:middle;display:inline-block}<\/style>\t\t\t\t\t\t\t\t\t\t<img fetchpriority=\"high\" decoding=\"async\" width=\"550\" height=\"344\" src=\"https:\/\/hoeveler-legal.de\/wp-content\/uploads\/2024\/04\/iStock-1299729135.webp\" class=\"attachment-full size-full wp-image-7750\" alt=\"\" srcset=\"https:\/\/hoeveler-legal.de\/wp-content\/uploads\/2024\/04\/iStock-1299729135.webp 550w, https:\/\/hoeveler-legal.de\/wp-content\/uploads\/2024\/04\/iStock-1299729135-300x188.webp 300w\" sizes=\"(max-width: 550px) 100vw, 550px\" \/>\t\t\t\t\t\t\t\t\t\t\t\t\t<\/div>\n\t\t\t\t<\/div>\n\t\t\t\t\t<\/div>\n\t\t<\/div>\n\t\t\t\t<div class=\"elementor-column elementor-col-100 elementor-top-column elementor-element elementor-element-c778463\" data-id=\"c778463\" data-element_type=\"column\">\n\t\t\t<div class=\"elementor-widget-wrap elementor-element-populated\">\n\t\t\t\t\t\t<div class=\"elementor-element elementor-element-a493936 elementor-widget elementor-widget-vc_custom_heading\" data-id=\"a493936\" data-element_type=\"widget\" data-widget_type=\"vc_custom_heading.default\">\n\t\t\t\t<div class=\"elementor-widget-container\">\n\t\t\t<div class=\"vc_custom_heading letter-spacing-11 consulting_heading_font  text_align_left\" ><h2 style=\"font-size: 30px;text-align: left;font-weight:700\" class=\"consulting-custom-title\">COMPANIES\n<\/h2><\/div>\t\t<\/div>\n\t\t\t\t<\/div>\n\t\t\t\t<div class=\"elementor-element elementor-element-fa75219 clist elementor-widget elementor-widget-text-editor\" data-id=\"fa75219\" data-element_type=\"widget\" data-widget_type=\"text-editor.default\">\n\t\t\t\t<div class=\"elementor-widget-container\">\n\t\t\t<style>\/*! elementor - v3.21.0 - 22-05-2024 *\/\n.elementor-widget-text-editor.elementor-drop-cap-view-stacked .elementor-drop-cap{background-color:#69727d;color:#fff}.elementor-widget-text-editor.elementor-drop-cap-view-framed .elementor-drop-cap{color:#69727d;border:3px solid;background-color:transparent}.elementor-widget-text-editor:not(.elementor-drop-cap-view-default) .elementor-drop-cap{margin-top:8px}.elementor-widget-text-editor:not(.elementor-drop-cap-view-default) .elementor-drop-cap-letter{width:1em;height:1em}.elementor-widget-text-editor .elementor-drop-cap{float:left;text-align:center;line-height:1;font-size:50px}.elementor-widget-text-editor .elementor-drop-cap-letter{display:inline-block}<\/style>\t\t\t\t<ul>\n<li>Ongoing advice to companies in all areas of individual and collective employment law<\/li>\n<li>Development of individual and industry-specific solutions<\/li>\n<li>Avoiding lengthy legal disputes<\/li>\n<li>Efficient design of HR processes (software, contract templates)<\/li>\n<\/ul>\n\t\t\t\t\t\t<\/div>\n\t\t\t\t<\/div>\n\t\t\t\t\t<\/div>\n\t\t<\/div>\n\t\t\t\t\t<\/div>\n\t\t<\/section>\n\t\t\t\t<section class=\"elementor-section elementor-top-section elementor-element elementor-element-740bad9 elementor-section-boxed elementor-section-height-default elementor-section-height-default\" data-id=\"740bad9\" data-element_type=\"section\">\n\t\t\t\t\t\t<div class=\"elementor-container elementor-column-gap-default\">\n\t\t\t\t\t<div class=\"elementor-column elementor-col-100 elementor-top-column elementor-element elementor-element-6243885\" data-id=\"6243885\" data-element_type=\"column\">\n\t\t\t<div class=\"elementor-widget-wrap elementor-element-populated\">\n\t\t\t\t\t\t<div class=\"elementor-element elementor-element-dc56ed7 elementor-widget elementor-widget-vc_custom_heading\" data-id=\"dc56ed7\" data-element_type=\"widget\" data-widget_type=\"vc_custom_heading.default\">\n\t\t\t\t<div class=\"elementor-widget-container\">\n\t\t\t<div class=\"vc_custom_heading letter-spacing-11 consulting_heading_font  text_align_left\" ><h2 style=\"font-size: 30px;text-align: left;font-weight:700\" class=\"consulting-custom-title\">EMPLOYEES\/<br \/>MANAGERS\n<\/h2><\/div>\t\t<\/div>\n\t\t\t\t<\/div>\n\t\t\t\t<div class=\"elementor-element elementor-element-1333309 clist elementor-widget elementor-widget-text-editor\" data-id=\"1333309\" data-element_type=\"widget\" data-widget_type=\"text-editor.default\">\n\t\t\t\t<div class=\"elementor-widget-container\">\n\t\t\t\t\t\t\t<ul>\n<li>Representation of managing directors, board members and employees<\/li>\n<li>Consideration of individual goals<\/li>\n<li>Preparatory coaching<\/li>\n<\/ul>\n\t\t\t\t\t\t<\/div>\n\t\t\t\t<\/div>\n\t\t\t\t\t<\/div>\n\t\t<\/div>\n\t\t\t\t<div class=\"elementor-column elementor-col-100 elementor-top-column elementor-element elementor-element-8ddb458\" data-id=\"8ddb458\" data-element_type=\"column\">\n\t\t\t<div class=\"elementor-widget-wrap elementor-element-populated\">\n\t\t\t\t\t\t<div class=\"elementor-element elementor-element-089e058 elementor-widget elementor-widget-image\" data-id=\"089e058\" data-element_type=\"widget\" data-widget_type=\"image.default\">\n\t\t\t\t<div class=\"elementor-widget-container\">\n\t\t\t\t\t\t\t\t\t\t\t\t\t<img decoding=\"async\" width=\"768\" height=\"439\" src=\"https:\/\/hoeveler-legal.de\/wp-content\/uploads\/2024\/03\/240330-iStock-1089787048-768x439.jpg\" class=\"attachment-medium_large size-medium_large wp-image-7641\" alt=\"\" srcset=\"https:\/\/hoeveler-legal.de\/wp-content\/uploads\/2024\/03\/240330-iStock-1089787048-768x439.jpg 768w, https:\/\/hoeveler-legal.de\/wp-content\/uploads\/2024\/03\/240330-iStock-1089787048-300x171.jpg 300w, https:\/\/hoeveler-legal.de\/wp-content\/uploads\/2024\/03\/240330-iStock-1089787048-1024x585.jpg 1024w, https:\/\/hoeveler-legal.de\/wp-content\/uploads\/2024\/03\/240330-iStock-1089787048-1536x877.jpg 1536w, https:\/\/hoeveler-legal.de\/wp-content\/uploads\/2024\/03\/240330-iStock-1089787048-2048x1169.jpg 2048w, https:\/\/hoeveler-legal.de\/wp-content\/uploads\/2024\/03\/240330-iStock-1089787048-900x514.jpg 900w\" sizes=\"(max-width: 768px) 100vw, 768px\" \/>\t\t\t\t\t\t\t\t\t\t\t\t\t<\/div>\n\t\t\t\t<\/div>\n\t\t\t\t\t<\/div>\n\t\t<\/div>\n\t\t\t\t\t<\/div>\n\t\t<\/section>\n\t\t\t\t<section class=\"elementor-section elementor-top-section elementor-element elementor-element-7ab0fcf elementor-reverse-tablet elementor-reverse-mobile elementor-section-boxed elementor-section-height-default elementor-section-height-default\" data-id=\"7ab0fcf\" data-element_type=\"section\">\n\t\t\t\t\t\t<div class=\"elementor-container elementor-column-gap-default\">\n\t\t\t\t\t<div class=\"elementor-column elementor-col-100 elementor-top-column elementor-element elementor-element-6ea8333\" data-id=\"6ea8333\" data-element_type=\"column\">\n\t\t\t<div class=\"elementor-widget-wrap elementor-element-populated\">\n\t\t\t\t\t\t<div class=\"elementor-element elementor-element-7cf7154 elementor-widget elementor-widget-image\" data-id=\"7cf7154\" data-element_type=\"widget\" data-widget_type=\"image.default\">\n\t\t\t\t<div class=\"elementor-widget-container\">\n\t\t\t\t\t\t\t\t\t\t\t\t\t<img decoding=\"async\" width=\"768\" height=\"432\" src=\"https:\/\/hoeveler-legal.de\/wp-content\/uploads\/2024\/02\/AdobeStock_325162727-768x432.jpeg\" class=\"attachment-medium_large size-medium_large wp-image-7312\" alt=\"\" srcset=\"https:\/\/hoeveler-legal.de\/wp-content\/uploads\/2024\/02\/AdobeStock_325162727-768x432.jpeg 768w, https:\/\/hoeveler-legal.de\/wp-content\/uploads\/2024\/02\/AdobeStock_325162727-300x169.jpeg 300w, https:\/\/hoeveler-legal.de\/wp-content\/uploads\/2024\/02\/AdobeStock_325162727-1024x576.jpeg 1024w, https:\/\/hoeveler-legal.de\/wp-content\/uploads\/2024\/02\/AdobeStock_325162727-1536x864.jpeg 1536w, https:\/\/hoeveler-legal.de\/wp-content\/uploads\/2024\/02\/AdobeStock_325162727-2048x1152.jpeg 2048w, https:\/\/hoeveler-legal.de\/wp-content\/uploads\/2024\/02\/AdobeStock_325162727-900x506.jpeg 900w, https:\/\/hoeveler-legal.de\/wp-content\/uploads\/2024\/02\/AdobeStock_325162727-600x337.jpeg 600w\" sizes=\"(max-width: 768px) 100vw, 768px\" \/>\t\t\t\t\t\t\t\t\t\t\t\t\t<\/div>\n\t\t\t\t<\/div>\n\t\t\t\t\t<\/div>\n\t\t<\/div>\n\t\t\t\t<div class=\"elementor-column elementor-col-100 elementor-top-column elementor-element elementor-element-6ad01bf\" data-id=\"6ad01bf\" data-element_type=\"column\">\n\t\t\t<div class=\"elementor-widget-wrap elementor-element-populated\">\n\t\t\t\t\t\t<div class=\"elementor-element elementor-element-871c12b elementor-widget elementor-widget-vc_custom_heading\" data-id=\"871c12b\" data-element_type=\"widget\" data-widget_type=\"vc_custom_heading.default\">\n\t\t\t\t<div class=\"elementor-widget-container\">\n\t\t\t<div class=\"vc_custom_heading letter-spacing-11 consulting_heading_font  text_align_left\" ><h2 style=\"font-size: 30px;text-align: left;font-weight:700\" class=\"consulting-custom-title\">SOCIAL INSURANCE\n<\/h2><\/div>\t\t<\/div>\n\t\t\t\t<\/div>\n\t\t\t\t<div class=\"elementor-element elementor-element-1a5c6ce clist elementor-widget elementor-widget-text-editor\" data-id=\"1a5c6ce\" data-element_type=\"widget\" data-widget_type=\"text-editor.default\">\n\t\t\t\t<div class=\"elementor-widget-container\">\n\t\t\t\t\t\t\t<ul>\n<li>Freelancers<\/li>\n<li>Managing directors\/board members<\/li>\n<li>Advising companies and freelancers on the subject of bogus self-employment<\/li>\n<li>Development of practical solutions to avoid lengthy, contentious disputes<\/li>\n<\/ul>\n\t\t\t\t\t\t<\/div>\n\t\t\t\t<\/div>\n\t\t\t\t\t<\/div>\n\t\t<\/div>\n\t\t\t\t\t<\/div>\n\t\t<\/section>\n\t\t\t\t<section class=\"elementor-section elementor-top-section elementor-element elementor-element-72bddb3 elementor-section-boxed elementor-section-height-default elementor-section-height-default\" data-id=\"72bddb3\" data-element_type=\"section\">\n\t\t\t\t\t\t<div class=\"elementor-container elementor-column-gap-default\">\n\t\t\t\t\t<div class=\"elementor-column elementor-col-100 elementor-top-column elementor-element elementor-element-aea1ef0\" data-id=\"aea1ef0\" data-element_type=\"column\">\n\t\t\t<div class=\"elementor-widget-wrap elementor-element-populated\">\n\t\t\t\t\t\t<div class=\"elementor-element elementor-element-fe2150f elementor-widget elementor-widget-vc_custom_heading\" data-id=\"fe2150f\" data-element_type=\"widget\" data-widget_type=\"vc_custom_heading.default\">\n\t\t\t\t<div class=\"elementor-widget-container\">\n\t\t\t<div class=\"vc_custom_heading letter-spacing-11 consulting_heading_font  text_align_left\" ><h2 style=\"font-size: 30px;text-align: left;font-weight:700\" class=\"consulting-custom-title\">NEGOTIATIONS\n<\/h2><\/div>\t\t<\/div>\n\t\t\t\t<\/div>\n\t\t\t\t<div class=\"elementor-element elementor-element-a85e356 clist elementor-widget elementor-widget-text-editor\" data-id=\"a85e356\" data-element_type=\"widget\" data-widget_type=\"text-editor.default\">\n\t\t\t\t<div class=\"elementor-widget-container\">\n\t\t\t\t\t\t\t<ul>\n<li>Particular focus on the development of negotiation management<\/li>\n<li>Avoidance of lengthy disputes through timely and well-prepared negotiations<\/li>\n<\/ul>\n\t\t\t\t\t\t<\/div>\n\t\t\t\t<\/div>\n\t\t\t\t<div class=\"elementor-element elementor-element-69f4f39 elementor-hidden-desktop elementor-hidden-tablet elementor-hidden-mobile elementor-widget elementor-widget-button\" data-id=\"69f4f39\" data-element_type=\"widget\" data-widget_type=\"button.default\">\n\t\t\t\t<div class=\"elementor-widget-container\">\n\t\t\t\t\t<div class=\"elementor-button-wrapper icon_align_\">\n\t\t\t<a class=\"elementor-button elementor-button-link elementor-size-sm\" href=\"#\">\n\t\t\t\t\t\t<span class=\"elementor-button-content-wrapper\">\n\t\t\t\t\t\t\t\t\t<span class=\"elementor-button-text\">Mehr lesen<\/span>\n\t\t\t\t\t<\/span>\n\t\t\t\t\t<\/a>\n\t\t<\/div>\n\t\t\t\t<\/div>\n\t\t\t\t<\/div>\n\t\t\t\t\t<\/div>\n\t\t<\/div>\n\t\t\t\t<div class=\"elementor-column elementor-col-100 elementor-top-column elementor-element elementor-element-ecf0b2b\" data-id=\"ecf0b2b\" data-element_type=\"column\">\n\t\t\t<div class=\"elementor-widget-wrap elementor-element-populated\">\n\t\t\t\t\t\t<div class=\"elementor-element elementor-element-b986122 elementor-widget elementor-widget-image\" data-id=\"b986122\" data-element_type=\"widget\" data-widget_type=\"image.default\">\n\t\t\t\t<div class=\"elementor-widget-container\">\n\t\t\t\t\t\t\t\t\t\t\t\t\t<img loading=\"lazy\" decoding=\"async\" width=\"768\" height=\"482\" src=\"https:\/\/hoeveler-legal.de\/wp-content\/uploads\/2024\/05\/231108-Segeln-5-768x512-1.webp\" class=\"attachment-medium_large size-medium_large wp-image-7928\" alt=\"\" srcset=\"https:\/\/hoeveler-legal.de\/wp-content\/uploads\/2024\/05\/231108-Segeln-5-768x512-1.webp 768w, https:\/\/hoeveler-legal.de\/wp-content\/uploads\/2024\/05\/231108-Segeln-5-768x512-1-300x188.webp 300w, https:\/\/hoeveler-legal.de\/wp-content\/uploads\/2024\/05\/231108-Segeln-5-768x512-1-18x12.webp 18w\" sizes=\"(max-width: 768px) 100vw, 768px\" \/>\t\t\t\t\t\t\t\t\t\t\t\t\t<\/div>\n\t\t\t\t<\/div>\n\t\t\t\t\t<\/div>\n\t\t<\/div>\n\t\t\t\t\t<\/div>\n\t\t<\/section>\n\t\t\t\t<\/div>","protected":false},"excerpt":{"rendered":"<p>Unternehmen laufenden Beratung von Unternehmen in allen Bereichen des individuellen und kollektiven Arbeitsrechts Erarbeitung individueller und branchenspezifischer L\u00f6sungen Vermeidung langwieriger gerichtlicher Auseinandersetzungen E\ufb03ziente Gestaltung der HR-Prozesse (Software, Vertragsmuster) Arbeitnehmer\/F\u00fchrungskr\u00e4fte Vertretung von Gesch\u00e4ftsf\u00fchrern, Vorst\u00e4nden und Arbeitnehmern Ber\u00fccksichtigung der individuellen Ziele vorbereitendes Coaching Sozialversicherung Freie Mitarbeiter Gesch\u00e4ftsf\u00fchrer\/Vorst\u00e4nde Beratung von Unternehmen und freien Mitarbeitern zum Thema Scheinselbstst\u00e4ndigkeit Ausarbeitung<\/p>","protected":false},"author":1,"featured_media":0,"parent":0,"menu_order":0,"comment_status":"closed","ping_status":"closed","template":"","meta":{"footnotes":""},"_links":{"self":[{"href":"https:\/\/hoeveler-legal.de\/en\/wp-json\/wp\/v2\/pages\/7322"}],"collection":[{"href":"https:\/\/hoeveler-legal.de\/en\/wp-json\/wp\/v2\/pages"}],"about":[{"href":"https:\/\/hoeveler-legal.de\/en\/wp-json\/wp\/v2\/types\/page"}],"author":[{"embeddable":true,"href":"https:\/\/hoeveler-legal.de\/en\/wp-json\/wp\/v2\/users\/1"}],"replies":[{"embeddable":true,"href":"https:\/\/hoeveler-legal.de\/en\/wp-json\/wp\/v2\/comments?post=7322"}],"version-history":[{"count":81,"href":"https:\/\/hoeveler-legal.de\/en\/wp-json\/wp\/v2\/pages\/7322\/revisions"}],"predecessor-version":[{"id":7931,"href":"https:\/\/hoeveler-legal.de\/en\/wp-json\/wp\/v2\/pages\/7322\/revisions\/7931"}],"wp:attachment":[{"href":"https:\/\/hoeveler-legal.de\/en\/wp-json\/wp\/v2\/media?parent=7322"}],"curies":[{"name":"wp","href":"https:\/\/api.w.org\/{rel}","templated":true}]}}