{"id":7454,"date":"2024-02-26T14:08:38","date_gmt":"2024-02-26T14:08:38","guid":{"rendered":"https:\/\/ra-hoeveler.pfacode.co.in\/?page_id=7454"},"modified":"2026-01-27T12:30:33","modified_gmt":"2026-01-27T11:30:33","slug":"impressum-disclaimer","status":"publish","type":"page","link":"https:\/\/hoeveler-legal.de\/en\/impressum-disclaimer\/","title":{"rendered":"Imprint &amp; Disclaimer"},"content":{"rendered":"<h2 style=\"font-size: 30px; text-align: left; font-weight: bold;\">imprint<\/h2>\n<ol>\n<li>Verantwortlich (Diensteanbieter) im Sinne des Presserechts, des \u00a7 5 TMG und des \u00a7 55 RStV:H\u00f6veler<br \/>\nLegal HR<br \/>\nProfessional Negotiation<br \/>\nHopfenstra\u00dfe 8<br \/>\n80335 Munich<br \/>\nTel.: +49 89 23 68 40-10<br \/>\nFax: +49 89 23 68 40-15<\/p>\n<p>E-Mail: <a href=\"mailto:info@hoeveler-legal.de\" target=\"_blank\" rel=\"noopener\">info@hoeveler-legal.de<\/a><\/li>\n<li>Legal job title: Lawyers<\/li>\n<li>Professional liability insurance:<br \/>\nAllianz Versicherungs-AG, 10900 Berlin<br \/>\n(Dr. Melanie H\u00f6veler)<br \/>\nMarkel Insurance SE, M\u00fcnchen (Annegret M\u00fcller-Mundt)<\/li>\n<li>Admitted to all local, regional and higher regional courts in Germany<\/li>\n<li>Country in which the approval was granted: Germany<\/li>\n<li>Supervisory authority within the meaning of Section 73 II No. 4 BRAO: Bar Association for the Munich Higher Regional Court District, Tal 33, 80331 Munich, www.rak-muenchen.de<\/li>\n<li>Informationspflicht nach \u00a7\u00a7 36, 37 VSBG: Es besteht kein Einverst\u00e4ndnis, an einem Streitbeilegungsverfahren vor einer Verbraucherschlichtungsstelle teilzunehmen.<\/li>\n<li>The European Commission provides a platform for online dispute resolution, which you can access at <a href=\"http:\/\/ec.europa.eu\/consumers\/odr\/\">http:\/\/ec.europa.eu\/consumers\/odr\/<\/a> finden.<\/li>\n<li>Die T\u00e4tigkeit der Rechtsanw\u00e4lte wird wesentlich bestimmt von folgenden Vorschriften:Bundesrechtsanwaltsordnung (BRAO), Rechtsanwaltsverg\u00fctungsgesetz (RVG), Berufsordnung der Rechtsanw\u00e4lte (BORA), Fachanwaltsordnung (FAO), Berufsregeln der Rechtsanw\u00e4lte der Europ\u00e4ischen Union. Fundstelle f\u00fcr diese Vorschriften u.a.: http:\/\/www.brak.de (dort unter \u201eBerufsrecht\u201c). Soweit es sich bei den vorgenannten Vorschriften um formelle Gesetze handelt, sind diese in den einschl\u00e4gigen Sammlungen ver\u00f6ffentlicht. Auf Anfrage teile ich gerne die entsprechenden Fundstellen mit.<\/li>\n<li>The links provided to external homepages fall outside my area of \u200b\u200bresponsibility for the content. However, I have satisfied myself as far as possible that the linked offers do not contain any illegal content. However, I have no influence on the content of third-party homepages, in particular on their short-term development through updates, and I am therefore in no way responsible for their content (Section 5 Para. 3 Teleservices Act - TDG). However, I would ask you to let me know if the links provided provide access to content that does not comply with the law, so that I can interrupt the link.<\/li>\n<\/ol>\n<h2 style=\"font-size: 30px; text-align: left; font-weight: bold;\">Disclaimer<\/h2>\n<ol>\n<li>The information contained on these websites is intended for general information purposes only. Advice in a specific legal case cannot be provided over the Internet, but requires an attorney-client relationship. This requires my express written confirmation.<\/li>\n<li>Liability for the content of this homepage is excluded to the extent permitted by law. In particular, no liability can be accepted for data sent to me. Emails sent to me are not timely.<\/li>\n<\/ol>\n<h2 style=\"font-size: 30px; text-align: left; font-weight: bold;\">copyright<\/h2>\n<ol>\n<li>The content of this website is protected by copyright. Any use, unless already permitted by applicable copyright law, requires the prior written consent of the person responsible named in the imprint under 1.<\/li>\n<li>Links to my website are only permitted to the main page without my consent. An objection without justification regarding the link to the main page of this homepage is reserved.<\/li>\n<\/ol>\n<h2 style=\"font-size: 30px; text-align: left; font-weight: bold;\">IMAGE LICENSES<\/h2>\n<p>Photos via Unsplash\/iStock\/Adobe Stock\/CodeZeroDigital<\/p>\n<p>Main Page:<\/p>\n<p>Regatta - CodeZeroDigital \/ Matteo Garrone \/ RS21 Italian Class<br \/>\nRope\/knot - Sonja Filitz (iStock)<br \/>\nSolar system - <a href=\"https:\/\/stock.adobe.com\/de\/contributor\/208444302\/maryana?load_type=author&amp;prev_url=detail\">Maryana<\/a> (Adobe Stock)<\/p>\n<p>Competences \u2013 <a href=\"https:\/\/stock.adobe.com\/de\/contributor\/211284960\/phimwilai?load_type=author&amp;prev_url=detail\">Phimwilai<\/a> (Adobe Stock)<br \/>\nCompany - <a href=\"https:\/\/www.istockphoto.com\/de\/portfolio\/ReinhardKrull?mediatype=photography\">Reinhard Krull<\/a> (iStock)<br \/>\nEmployees\/executives - <a href=\"https:\/\/www.istockphoto.com\/de\/search\/photographer?photographer=vicnt&amp;assettype=image&amp;family=creative\">vicnt<\/a> (iStock)<br \/>\nSocial security - <a href=\"https:\/\/stock.adobe.com\/de\/contributor\/203656862\/2mmedia?load_type=author&amp;prev_url=detail\">2mmedia<\/a> (Adobe Stock)<br \/>\nNegotiations - CodeZeroDigital \/ Matteo Garrone \/ RS21 Italian Class<\/p>\n<p>Team \u2013 <a href=\"https:\/\/stock.adobe.com\/de\/contributor\/205565731\/alotofpeople?load_type=author&amp;prev_url=detail\">alotofpeople<\/a> (Adobe Stock)<\/p>\n<p>Data protection - <a href=\"https:\/\/unsplash.com\/de\/@maximalfocus?utm_content=creditCopyText&amp;utm_medium=referral&amp;utm_source=unsplash\">Maximalfocus<\/a> (<a href=\"https:\/\/unsplash.com\/de\/fotos\/gebaude-mit-weissen-und-schwarzen-glaswanden-QtZDb5QJOFM?utm_content=creditCopyText&amp;utm_medium=referral&amp;utm_source=unsplash\">Unsplash<\/a>)<br \/>\nImprint &amp; Disclaimer - <a href=\"https:\/\/unsplash.com\/de\/@zayyerrn?utm_content=creditCopyText&amp;utm_medium=referral&amp;utm_source=unsplash\">Ahmed Zayan<\/a> (<a href=\"https:\/\/unsplash.com\/de\/fotos\/papierboot-auf-gewasser-sRg9N_0pn1Q?utm_content=creditCopyText&amp;utm_medium=referral&amp;utm_source=unsplash\">Unsplash<\/a>)<br \/>\nContact - <a href=\"https:\/\/stock.adobe.com\/de\/contributor\/204253715\/tippapatt?load_type=author&amp;prev_url=detail\">tippapatt<\/a> (Adobe Stock)<\/p>","protected":false},"excerpt":{"rendered":"<p>Impressum Verantwortlich (Diensteanbieter) im Sinne des Presserechts, des \u00a7 5 TMG und des \u00a7 55 RStV:H\u00f6veler Legal HR Professional Negotiation Hopfenstra\u00dfe 8 80335 M\u00fcnchen Tel.: +49 89 23 68 40-10 Fax: +49 89 23 68 40-15 E-Mail: info@hoeveler-legal.de Gesetzliche Berufsbezeichnung: Rechtsanw\u00e4lte Berufshaftpflichtversicherung: Allianz Versicherungs-AG, 10900 Berlin (Dr. Melanie H\u00f6veler) Markel Insurance SE, M\u00fcnchen (Annegret M\u00fcller-Mundt)<\/p>","protected":false},"author":1,"featured_media":0,"parent":0,"menu_order":0,"comment_status":"closed","ping_status":"closed","template":"","meta":{"footnotes":""},"_links":{"self":[{"href":"https:\/\/hoeveler-legal.de\/en\/wp-json\/wp\/v2\/pages\/7454"}],"collection":[{"href":"https:\/\/hoeveler-legal.de\/en\/wp-json\/wp\/v2\/pages"}],"about":[{"href":"https:\/\/hoeveler-legal.de\/en\/wp-json\/wp\/v2\/types\/page"}],"author":[{"embeddable":true,"href":"https:\/\/hoeveler-legal.de\/en\/wp-json\/wp\/v2\/users\/1"}],"replies":[{"embeddable":true,"href":"https:\/\/hoeveler-legal.de\/en\/wp-json\/wp\/v2\/comments?post=7454"}],"version-history":[{"count":44,"href":"https:\/\/hoeveler-legal.de\/en\/wp-json\/wp\/v2\/pages\/7454\/revisions"}],"predecessor-version":[{"id":7953,"href":"https:\/\/hoeveler-legal.de\/en\/wp-json\/wp\/v2\/pages\/7454\/revisions\/7953"}],"wp:attachment":[{"href":"https:\/\/hoeveler-legal.de\/en\/wp-json\/wp\/v2\/media?parent=7454"}],"curies":[{"name":"wp","href":"https:\/\/api.w.org\/{rel}","templated":true}]}}